{"id":6,"date":"2014-10-18T00:49:36","date_gmt":"2014-10-18T00:49:36","guid":{"rendered":"http:\/\/tennisclub-dietingen.de\/?page_id=6"},"modified":"2014-10-24T11:59:44","modified_gmt":"2014-10-24T11:59:44","slug":"kontakt","status":"publish","type":"page","link":"https:\/\/tennisclub-dietingen.de\/?page_id=6","title":{"rendered":"Kontakt"},"content":{"rendered":"<p>Unter dieser Rubrik finden Sie alle wichtigen Ansprachpartner f\u00fcr den Verein und f\u00fcr die Mannschaften.<br \/>\nF\u00fcr allgemeine Fragen k\u00f6nnen Sie uns per Mail kontaktieren. Hierzu klicken Sie bitte auf folgenden Link: <a href=\"mailto:vorstand@tennisclub-dietingen.de\">Anfrage an den TCD.<\/a><\/p>\n","protected":false},"excerpt":{"rendered":"<p>Unter dieser Rubrik finden Sie alle wichtigen Ansprachpartner f\u00fcr den Verein und f\u00fcr die Mannschaften. F\u00fcr allgemeine Fragen k\u00f6nnen Sie uns per Mail kontaktieren. Hierzu klicken Sie bitte auf folgenden Link: Anfrage an den TCD.<\/p>\n","protected":false},"author":1,"featured_media":0,"parent":0,"menu_order":0,"comment_status":"closed","ping_status":"closed","template":"","meta":{"footnotes":""},"class_list":["post-6","page","type-page","status-publish","hentry"],"_links":{"self":[{"href":"https:\/\/tennisclub-dietingen.de\/index.php?rest_route=\/wp\/v2\/pages\/6","targetHints":{"allow":["GET"]}}],"collection":[{"href":"https:\/\/tennisclub-dietingen.de\/index.php?rest_route=\/wp\/v2\/pages"}],"about":[{"href":"https:\/\/tennisclub-dietingen.de\/index.php?rest_route=\/wp\/v2\/types\/page"}],"author":[{"embeddable":true,"href":"https:\/\/tennisclub-dietingen.de\/index.php?rest_route=\/wp\/v2\/users\/1"}],"replies":[{"embeddable":true,"href":"https:\/\/tennisclub-dietingen.de\/index.php?rest_route=%2Fwp%2Fv2%2Fcomments&post=6"}],"version-history":[{"count":12,"href":"https:\/\/tennisclub-dietingen.de\/index.php?rest_route=\/wp\/v2\/pages\/6\/revisions"}],"predecessor-version":[{"id":176,"href":"https:\/\/tennisclub-dietingen.de\/index.php?rest_route=\/wp\/v2\/pages\/6\/revisions\/176"}],"wp:attachment":[{"href":"https:\/\/tennisclub-dietingen.de\/index.php?rest_route=%2Fwp%2Fv2%2Fmedia&parent=6"}],"curies":[{"name":"wp","href":"https:\/\/api.w.org\/{rel}","templated":true}]}}