{"id":58,"date":"2014-10-19T17:46:32","date_gmt":"2014-10-19T17:46:32","guid":{"rendered":"http:\/\/tennisclub-dietingen.de\/?page_id=58"},"modified":"2018-05-23T17:57:07","modified_gmt":"2018-05-23T17:57:07","slug":"home","status":"publish","type":"page","link":"https:\/\/tennisclub-dietingen.de\/","title":{"rendered":"Home"},"content":{"rendered":"<p style=\"text-align: justify;\">Herzlich willkommen beim Tennisclub Dietingen e.V.<br \/>\nAuf den folgenden Seiten m\u00f6chten wir Sie \u00fcber unseren Verein, unsere Mann- schaften, Turniere und Veranstaltungen informieren. Au\u00dferdem m\u00f6chten wir Sie herzlich einladen, uns auf unserer Anlage am Wettebach zu besuchen und uns pers\u00f6nlich kennen zu lernen.<\/p>\n<p>Wir freuen uns auf Sie!<\/p>\n<p><a href=\"http:\/\/tennisclub-dietingen.de\/wp-content\/uploads\/2014\/11\/20141116_TCD-Tennisheim_001_small.jpg\"><img loading=\"lazy\" decoding=\"async\" class=\"alignnone size-full wp-image-217\" src=\"http:\/\/tennisclub-dietingen.de\/wp-content\/uploads\/2014\/11\/20141116_TCD-Tennisheim_001_small.jpg\" alt=\"20141116_TCD Tennisheim_001_small\" width=\"700\" height=\"450\" srcset=\"https:\/\/tennisclub-dietingen.de\/wp-content\/uploads\/2014\/11\/20141116_TCD-Tennisheim_001_small.jpg 700w, https:\/\/tennisclub-dietingen.de\/wp-content\/uploads\/2014\/11\/20141116_TCD-Tennisheim_001_small-300x192.jpg 300w, https:\/\/tennisclub-dietingen.de\/wp-content\/uploads\/2014\/11\/20141116_TCD-Tennisheim_001_small-381x245.jpg 381w\" sizes=\"auto, (max-width: 700px) 100vw, 700px\" \/><\/a><\/p>\n<p>&nbsp;<\/p>\n","protected":false},"excerpt":{"rendered":"<p>Herzlich willkommen beim Tennisclub Dietingen e.V. Auf den folgenden Seiten m\u00f6chten wir Sie \u00fcber unseren Verein, unsere Mann- schaften, Turniere und Veranstaltungen informieren. Au\u00dferdem m\u00f6chten wir Sie herzlich einladen, uns auf unserer Anlage am Wettebach zu besuchen und uns pers\u00f6nlich kennen zu lernen. Wir freuen uns auf Sie! &nbsp;<\/p>\n","protected":false},"author":1,"featured_media":0,"parent":0,"menu_order":0,"comment_status":"closed","ping_status":"closed","template":"","meta":{"footnotes":""},"class_list":["post-58","page","type-page","status-publish","hentry"],"_links":{"self":[{"href":"https:\/\/tennisclub-dietingen.de\/index.php?rest_route=\/wp\/v2\/pages\/58","targetHints":{"allow":["GET"]}}],"collection":[{"href":"https:\/\/tennisclub-dietingen.de\/index.php?rest_route=\/wp\/v2\/pages"}],"about":[{"href":"https:\/\/tennisclub-dietingen.de\/index.php?rest_route=\/wp\/v2\/types\/page"}],"author":[{"embeddable":true,"href":"https:\/\/tennisclub-dietingen.de\/index.php?rest_route=\/wp\/v2\/users\/1"}],"replies":[{"embeddable":true,"href":"https:\/\/tennisclub-dietingen.de\/index.php?rest_route=%2Fwp%2Fv2%2Fcomments&post=58"}],"version-history":[{"count":8,"href":"https:\/\/tennisclub-dietingen.de\/index.php?rest_route=\/wp\/v2\/pages\/58\/revisions"}],"predecessor-version":[{"id":222,"href":"https:\/\/tennisclub-dietingen.de\/index.php?rest_route=\/wp\/v2\/pages\/58\/revisions\/222"}],"wp:attachment":[{"href":"https:\/\/tennisclub-dietingen.de\/index.php?rest_route=%2Fwp%2Fv2%2Fmedia&parent=58"}],"curies":[{"name":"wp","href":"https:\/\/api.w.org\/{rel}","templated":true}]}}