{"id":386,"date":"2024-12-07T17:27:55","date_gmt":"2024-12-07T17:27:55","guid":{"rendered":"https:\/\/tennisclub-dietingen.de\/?page_id=386"},"modified":"2024-12-07T17:27:55","modified_gmt":"2024-12-07T17:27:55","slug":"platzbuchung","status":"publish","type":"page","link":"https:\/\/tennisclub-dietingen.de\/?page_id=386","title":{"rendered":"Platzbuchung"},"content":{"rendered":"<div id=\"pl-gb386-69eb7ef78cf32\"  class=\"panel-layout\" ><div id=\"pg-gb386-69eb7ef78cf32-0\"  class=\"panel-grid panel-no-style\" ><div id=\"pgc-gb386-69eb7ef78cf32-0-0\"  class=\"panel-grid-cell\" ><div id=\"panel-gb386-69eb7ef78cf32-0-0-0\" class=\"so-panel widget widget_text panel-first-child panel-last-child\" data-index=\"0\" >\t\t\t<div class=\"textwidget\"><p>Die Platzbuchung erfolgt mittlerweile \u00fcber die App <strong>court4u<\/strong>. Die App ist \u00fcber den <a href=\"https:\/\/play.google.com\/store\/apps\/details?id=com.pserv.court4u&amp;pcampaignid=web_share\" target=\"_blank\" rel=\"noopener\">Google Play Store<\/a> und den <a href=\"https:\/\/apps.apple.com\/de\/app\/court4u\/id1508624169\" target=\"_blank\" rel=\"noopener\">Apple App Store<\/a> kostenlos erh\u00e4ltlich.<\/p>\n<p>Nach Registrierung werden Sie durch den Vorstand freigeschaltet und haben anschlie\u00dfend Zugriff auf die Platzbuchung in Dietingen.<\/p>\n<p>&nbsp;<\/p>\n<\/div>\n\t\t<\/div><\/div><\/div><\/div>","protected":false},"excerpt":{"rendered":"<p>Die Platzbuchung erfolgt mittlerweile \u00fcber die App court4u. Die App ist \u00fcber den Google Play Store und den Apple App Store kostenlos erh\u00e4ltlich. Nach Registrierung werden Sie durch den Vorstand freigeschaltet und haben anschlie\u00dfend Zugriff auf die Platzbuchung in Dietingen. &nbsp;<\/p>\n","protected":false},"author":1,"featured_media":0,"parent":0,"menu_order":0,"comment_status":"closed","ping_status":"closed","template":"","meta":{"footnotes":""},"class_list":["post-386","page","type-page","status-publish","hentry"],"_links":{"self":[{"href":"https:\/\/tennisclub-dietingen.de\/index.php?rest_route=\/wp\/v2\/pages\/386","targetHints":{"allow":["GET"]}}],"collection":[{"href":"https:\/\/tennisclub-dietingen.de\/index.php?rest_route=\/wp\/v2\/pages"}],"about":[{"href":"https:\/\/tennisclub-dietingen.de\/index.php?rest_route=\/wp\/v2\/types\/page"}],"author":[{"embeddable":true,"href":"https:\/\/tennisclub-dietingen.de\/index.php?rest_route=\/wp\/v2\/users\/1"}],"replies":[{"embeddable":true,"href":"https:\/\/tennisclub-dietingen.de\/index.php?rest_route=%2Fwp%2Fv2%2Fcomments&post=386"}],"version-history":[{"count":2,"href":"https:\/\/tennisclub-dietingen.de\/index.php?rest_route=\/wp\/v2\/pages\/386\/revisions"}],"predecessor-version":[{"id":388,"href":"https:\/\/tennisclub-dietingen.de\/index.php?rest_route=\/wp\/v2\/pages\/386\/revisions\/388"}],"wp:attachment":[{"href":"https:\/\/tennisclub-dietingen.de\/index.php?rest_route=%2Fwp%2Fv2%2Fmedia&parent=386"}],"curies":[{"name":"wp","href":"https:\/\/api.w.org\/{rel}","templated":true}]}}