{"id":38,"date":"2014-10-19T17:24:31","date_gmt":"2014-10-19T17:24:31","guid":{"rendered":"http:\/\/tennisclub-dietingen.de\/?page_id=38"},"modified":"2024-12-13T09:27:54","modified_gmt":"2024-12-13T09:27:54","slug":"veranstaltungen","status":"publish","type":"page","link":"https:\/\/tennisclub-dietingen.de\/?page_id=38","title":{"rendered":"Veranstaltungen"},"content":{"rendered":"<div id=\"pl-gb38-69eb7e798bd67\"  class=\"panel-layout\" ><div id=\"pg-gb38-69eb7e798bd67-0\"  class=\"panel-grid panel-no-style\" ><div id=\"pgc-gb38-69eb7e798bd67-0-0\"  class=\"panel-grid-cell\" ><div id=\"panel-gb38-69eb7e798bd67-0-0-0\" class=\"so-panel widget widget_text panel-first-child panel-last-child\" data-index=\"0\" >\t\t\t<div class=\"textwidget\"><p>\u00dcber aktuelle Veranstaltungen und Termine informieren wir zuk\u00fcnftig per WhatsApp und \u00fcber unsere Instagram-Seite. In K\u00fcrze finden Sie hier die Links zu unseren Social Media Accounts.<\/p>\n<\/div>\n\t\t<\/div><\/div><\/div><div id=\"pg-gb38-69eb7e798bd67-1\"  class=\"panel-grid panel-no-style\" ><div id=\"pgc-gb38-69eb7e798bd67-1-0\"  class=\"panel-grid-cell\" ><div id=\"panel-gb38-69eb7e798bd67-1-0-0\" class=\"so-panel widget widget_text panel-first-child panel-last-child\" data-index=\"1\" >\t\t\t<div class=\"textwidget\"><p><strong>Instagram:<\/strong> <a href=\"https:\/\/www.instagram.com\/tc_dietingen\/\" target=\"_blank\" rel=\"noopener\">https:\/\/www.instagram.com\/tc_dietingen\/<\/a><\/p>\n<\/div>\n\t\t<\/div><\/div><\/div><\/div>\n\n\n<p>&nbsp;<\/p>\n\n\n\n<p>&nbsp;<\/p>\n","protected":false},"excerpt":{"rendered":"<p>\u00dcber aktuelle Veranstaltungen und Termine informieren wir zuk\u00fcnftig per WhatsApp und \u00fcber unsere Instagram-Seite. In K\u00fcrze finden Sie hier die Links zu unseren Social Media Accounts. Instagram: https:\/\/www.instagram.com\/tc_dietingen\/<\/p>\n","protected":false},"author":1,"featured_media":0,"parent":0,"menu_order":0,"comment_status":"closed","ping_status":"closed","template":"","meta":{"footnotes":""},"class_list":["post-38","page","type-page","status-publish","hentry"],"_links":{"self":[{"href":"https:\/\/tennisclub-dietingen.de\/index.php?rest_route=\/wp\/v2\/pages\/38","targetHints":{"allow":["GET"]}}],"collection":[{"href":"https:\/\/tennisclub-dietingen.de\/index.php?rest_route=\/wp\/v2\/pages"}],"about":[{"href":"https:\/\/tennisclub-dietingen.de\/index.php?rest_route=\/wp\/v2\/types\/page"}],"author":[{"embeddable":true,"href":"https:\/\/tennisclub-dietingen.de\/index.php?rest_route=\/wp\/v2\/users\/1"}],"replies":[{"embeddable":true,"href":"https:\/\/tennisclub-dietingen.de\/index.php?rest_route=%2Fwp%2Fv2%2Fcomments&post=38"}],"version-history":[{"count":10,"href":"https:\/\/tennisclub-dietingen.de\/index.php?rest_route=\/wp\/v2\/pages\/38\/revisions"}],"predecessor-version":[{"id":395,"href":"https:\/\/tennisclub-dietingen.de\/index.php?rest_route=\/wp\/v2\/pages\/38\/revisions\/395"}],"wp:attachment":[{"href":"https:\/\/tennisclub-dietingen.de\/index.php?rest_route=%2Fwp%2Fv2%2Fmedia&parent=38"}],"curies":[{"name":"wp","href":"https:\/\/api.w.org\/{rel}","templated":true}]}}