{"id":13,"date":"2014-10-18T22:04:27","date_gmt":"2014-10-18T22:04:27","guid":{"rendered":"http:\/\/tennisclub-dietingen.de\/?page_id=13"},"modified":"2018-05-24T16:28:08","modified_gmt":"2018-05-24T16:28:08","slug":"geschichte","status":"publish","type":"page","link":"https:\/\/tennisclub-dietingen.de\/?page_id=13","title":{"rendered":"Geschichte"},"content":{"rendered":"<p style=\"text-align: justify;\"><strong>Wie es zu der Gr\u00fcndung kam<br \/>\n<\/strong>Der Ansto\u00df zur Gr\u00fcndung eines Tennis-Clubs in Dietingen geht auf ein Jahrgangstreffen des Jahrgangs 1946 zur\u00fcck. Die Gespr\u00e4che in kleiner Runde fanden ihre Fortsetzung in einem Interessenskreis zur Gr\u00fcndung eines Tennis-Clubs.<br \/>\nNeben den formellen Dingen wie Ausarbeitung einer Satzung und Beitrags-ordnung, war das Hauptanliegen, ein geeignetes Gel\u00e4nde f\u00fcr die Tennisanlage zu finden. Denn ohne Tennispl\u00e4tze macht ein Tennisverein keinen Sinn.<\/p>\n<p style=\"text-align: justify;\">Die erste offizielle Zusammenkunft fand am 21.11.1978 statt. Neun weitere Zusammenk\u00fcnfte folgten, ehe am 18. Mai 1979 im Feuerwehrheim ein \u00f6ffentlicher Informationsabend stattfand. Die Gr\u00fcndungsversammlung fand ebenfalls im Feuerwehrheim am 13. Juli 1979 statt. Die 40 Gr\u00fcndungs-mitglieder stimmten aufgrund der Vorarbeiten und umfangreichen Informationen mit \u00fcberw\u00e4ltigender Mehrheit der Gr\u00fcndung des TCD zu.\u00a0\u00a0\u00a0 Zum 1. Vorsitzenden wurde Dieter Maurus gew\u00e4hlt.<\/p>\n<p>Die Anmeldung im Vereinsregister war nur noch Formsache.<br \/>\nDer Tenniclub Dietingen e.V. war somit geboren<\/p>\n<p style=\"text-align: justify;\"><strong>Bau der Tennisanlage im Wettebachtal<br \/>\n<\/strong>Am 18. Januar 1979 wurde an den Ortschaftsrat ein Antrag auf \u00dcberlassung eines Gel\u00e4ndes gerichtet.<br \/>\nNach einem grunds\u00e4tzlich positiven Bescheid am 06. Februar 1979 entschied der Ortschaftsrat am 20. M\u00e4rz 1979 dem zu gr\u00fcndenden Tennisclub das Gel\u00e4nde im Wettebachtal pachtweise zu \u00fcberlassen. An dieser Stelle Dank an den damaligen B\u00fcrgermeister Burkard und die Ortschaftsr\u00e4te f\u00fcr die schnelle und unb\u00fcrokratische Entscheidung.<br \/>\nNun ging es an die endg\u00fcltige Planung und den Bau einer Tennisanlage, bestehend aus zwei Spielfeldern, einem \u00dcbungsplatz, einem Clubheim und einem Ger\u00e4teh\u00e4uschen. Der im Oktober 1979 eingereichte Antrag auf Baugenehmigung wurde am 18. M\u00e4rz 1980 vom Landratsamt Rottweil bewilligt. Die Finanzierung des Vorhabens war nur m\u00f6glich, da die Mitglieder weit \u00fcber 1.000 Stunden Eigenleistung erbrachten. Dar\u00fcber hinaus erhielten wir einen Zuschuss vom W\u00fcrttembergischen Landessportbund. Von ver- schiedenen Firmen und Personen gingen Geldspenden ein.<\/p>\n<p style=\"text-align: justify;\"><strong>Einweihung der Tennisanlage<br \/>\n<\/strong>Am Samstag, den 04. Juli 1981 war es soweit. Im Rahmen eines zweit\u00e4gigen Festes wurde die Tennisanlage mit Ballwand und Clubheim feierlich eingeweiht. Dieses Wochenende war auch der Beginn des zur Tradition gewordenen Wettebach-Wanderpokal-Turniers.<br \/>\nNeben der sportlichen Aktivit\u00e4ten kam aber auch die Geselligkeit nicht zu kurz. Einen Festabend am Samstag unter Mitwirkung der Musikkapelle Dietingen folgte am Sonntag ein Fr\u00fchschoppen mit Unterhaltungsmusik, Mittagessen im Festzelt und ein Luftballonwettbewerb f\u00fcr Kinder.<\/p>\n<p>Die kirchliche Platzweihe nahm Herr Pfarrer Gutmann vor.<\/p>\n<p style=\"text-align: justify;\">Der unerm\u00fcdliche Einsatz vieler ehrenamtlich t\u00e4tiger Mitglieder fand an die- sem Wochenende Anerkennung und Best\u00e4tigung. An dieser Stelle ein ganz besonderer Dank an all diejenigen, welche die Voraussetzungen f\u00fcr unseren Tennissport in Dietingen geschaffen haben.<br \/>\nDer Mitgliederbestand erh\u00f6hte sich\u00a0 den ersten zehn Jahren auf 120. Im Jahr 2002 waren es dann leider nur noch 88 Mitglieder, bevor der Verein einen Generationswechsel vollziehen konnte. Der deutlich j\u00fcngere Gesamtvorstand verstand es die Begeisterung f\u00fcr den Tennissport in Dietingen wieder zu entfachen.<\/p>\n<p style=\"text-align: justify;\">So konnte Jens Homfeyer am 23. Juli 2004 bei seiner Festrede anl\u00e4\u00dflich des 25 &#8211; j\u00e4hrigen Vereinsjubil\u00e4um bereits von 135 Mitgliedern berichten.<\/p>\n<p><strong>25-j\u00e4hriges Jubil\u00e4umsfest am 23. Juli 2004<br \/>\n<\/strong>Es war ein rauschendes Fest in der Graf-Gerold-Halle. B\u00fcrgermeister Frank Scholz, Ortsvorsteher Thomas Willekes, Pfarrer Schall, Sportwart Wolfgang Fritz vom Tennisbezirk E, Pr\u00e4sident Robert N\u00fcbel von Sportkreis Rottweil, alle Vorst\u00e4nde der Dietinger Vereine, viele Gr\u00fcndungsmitglieder und Presse-vertreter gaben dem Jubil\u00e4umsfest einen geb\u00fchrenden Rahmen.<br \/>\n<span style=\"text-decoration: underline;\">Festprogramm:<br \/>\n<\/span>Freitag 23.07.04 Jubil\u00e4umsball mit Tanz<br \/>\nSamstag 24.07.04 Wettebachturnier<br \/>\nSonntag 25.07.04 Laienturnier der Dietingen Vereine<\/p>\n<p style=\"text-align: justify;\"><strong>Einweihung unseres neuen Clubheimes am 10.05.2014<br \/>\n<\/strong>&#8222;Auf diese Rede habe ich mich besonders gefreut, denn dann ist unser Vereinsheim fertig&#8220;. Mit diesen Worten begr\u00fcsste Jens Hofmeyer die G\u00e4ste bei der Einweihung des neuen Clubheimes. Pfarrer Hans Schlenker segnete das neue Haus. &#8220; Es soll ein Ort der Begegnung, gepr\u00e4gt von gegenseitiger Achtung und Hilfsbereitschaft sein&#8220;<\/p>\n<p style=\"text-align: justify;\">Nachdem das alte Vereinsheim nur noch ein besseres Gartenh\u00e4uschen war, beschloss der Vorstand 2012 das alte Geb\u00e4ude abzubrechen und an gleicher Stelle ein neues Geb\u00e4ude in Holzst\u00e4nderbauweise zu erstellen. Das neue Vereinsheim verf\u00fcgt \u00fcber 30 Sitzpl\u00e4tze, eine K\u00fcche, zwei WC Anlagen und getrennte Umkleide- und Duschr\u00e4ume. Die Geb\u00e4udefassade ist wartungsfrei. Die R\u00e4ume erhielten f\u00fcr ein gutes Raumklima z.T. eine Lehmputzoberfl\u00e4che mit Frost\u00fcberwachung. Das Clubheim wurde mit einer modernen Schlie\u00df-anlage mit Zahlenschloss ausgestattet.<\/p>\n<p>Die Finanzierung erfolgte \u00fcber vorhandene Guthaben, viele Stunden Eigen-leistungen, private zinslose Darlehen, WLSB-Zuschuss und Spenden. Eine moderate Erh\u00f6hung der Mitgliedsbeitr\u00e4ge sollen die k\u00fcnftige Erbringung des Kapitaldienstes gew\u00e4hrleisten.<br \/>\nJens Hofmeyer bedankte sich bei allen Mitgliedern f\u00fcr die vielen Stunden Eigenleistungen aber auch bei allen an Bau beteiligten Fimen. Bereits 1\/2 Jahr nach der Einweihung des neuen Clubheimes ist festzustellen, dass das Vereinsleben noch viel intensiver geworden ist.<br \/>\nDie Anstrenungen haben sich gelohnt !!<\/p>\n<p>&nbsp;<\/p>\n<p><a href=\"http:\/\/tennisclub-dietingen.de\/wp-content\/uploads\/2014\/10\/2014__Tennisheim_alt_01_small.jpg\"><img loading=\"lazy\" decoding=\"async\" class=\"alignnone wp-image-177 size-full\" src=\"http:\/\/tennisclub-dietingen.de\/wp-content\/uploads\/2014\/10\/2014__Tennisheim_alt_01_small.jpg\" alt=\"2014__Tennisheim_alt_01_small\" width=\"700\" height=\"450\" srcset=\"https:\/\/tennisclub-dietingen.de\/wp-content\/uploads\/2014\/10\/2014__Tennisheim_alt_01_small.jpg 700w, https:\/\/tennisclub-dietingen.de\/wp-content\/uploads\/2014\/10\/2014__Tennisheim_alt_01_small-300x192.jpg 300w, https:\/\/tennisclub-dietingen.de\/wp-content\/uploads\/2014\/10\/2014__Tennisheim_alt_01_small-381x245.jpg 381w\" sizes=\"auto, (max-width: 700px) 100vw, 700px\" \/><\/a>Das alte Tennisheim vor dem Abriss.<\/p>\n<p><a href=\"http:\/\/tennisclub-dietingen.de\/wp-content\/uploads\/2014\/10\/2014__Tennisheim_neu_01_small.jpg\"><img loading=\"lazy\" decoding=\"async\" class=\"alignnone size-full wp-image-179\" src=\"http:\/\/tennisclub-dietingen.de\/wp-content\/uploads\/2014\/10\/2014__Tennisheim_neu_01_small.jpg\" alt=\"2014__Tennisheim_neu_01_small\" width=\"700\" height=\"450\" srcset=\"https:\/\/tennisclub-dietingen.de\/wp-content\/uploads\/2014\/10\/2014__Tennisheim_neu_01_small.jpg 700w, https:\/\/tennisclub-dietingen.de\/wp-content\/uploads\/2014\/10\/2014__Tennisheim_neu_01_small-300x192.jpg 300w, https:\/\/tennisclub-dietingen.de\/wp-content\/uploads\/2014\/10\/2014__Tennisheim_neu_01_small-381x245.jpg 381w\" sizes=\"auto, (max-width: 700px) 100vw, 700px\" \/><\/a><br \/>\nDie erste Wand f\u00fcr den Neubau wird angeliefert.<\/p>\n<p><a href=\"http:\/\/tennisclub-dietingen.de\/wp-content\/uploads\/2014\/10\/2014__Tennisheim_neu_02_small.jpg\"><img loading=\"lazy\" decoding=\"async\" class=\"alignnone size-full wp-image-183\" src=\"http:\/\/tennisclub-dietingen.de\/wp-content\/uploads\/2014\/10\/2014__Tennisheim_neu_02_small.jpg\" alt=\"2014__Tennisheim_neu_02_small\" width=\"700\" height=\"450\" srcset=\"https:\/\/tennisclub-dietingen.de\/wp-content\/uploads\/2014\/10\/2014__Tennisheim_neu_02_small.jpg 700w, https:\/\/tennisclub-dietingen.de\/wp-content\/uploads\/2014\/10\/2014__Tennisheim_neu_02_small-300x192.jpg 300w, https:\/\/tennisclub-dietingen.de\/wp-content\/uploads\/2014\/10\/2014__Tennisheim_neu_02_small-381x245.jpg 381w\" sizes=\"auto, (max-width: 700px) 100vw, 700px\" \/><\/a><br \/>\nUnser neues Tennisheim nimmt Form an.<\/p>\n<p><a href=\"http:\/\/tennisclub-dietingen.de\/wp-content\/uploads\/2014\/10\/2014__Tennisheim_neu_03_small.jpg\"><img loading=\"lazy\" decoding=\"async\" class=\"alignnone size-full wp-image-188\" src=\"http:\/\/tennisclub-dietingen.de\/wp-content\/uploads\/2014\/10\/2014__Tennisheim_neu_03_small.jpg\" alt=\"2014__Tennisheim_neu_03_small\" width=\"700\" height=\"450\" srcset=\"https:\/\/tennisclub-dietingen.de\/wp-content\/uploads\/2014\/10\/2014__Tennisheim_neu_03_small.jpg 700w, https:\/\/tennisclub-dietingen.de\/wp-content\/uploads\/2014\/10\/2014__Tennisheim_neu_03_small-300x192.jpg 300w, https:\/\/tennisclub-dietingen.de\/wp-content\/uploads\/2014\/10\/2014__Tennisheim_neu_03_small-381x245.jpg 381w\" sizes=\"auto, (max-width: 700px) 100vw, 700px\" \/><\/a><br \/>\nUnz\u00e4hlige Stunden Eigenleistung mussten erbracht werden.<\/p>\n<p><a href=\"http:\/\/tennisclub-dietingen.de\/wp-content\/uploads\/2014\/11\/20141116_TCD-Tennisheim_001_small.jpg\"><img loading=\"lazy\" decoding=\"async\" class=\"alignnone size-full wp-image-217\" src=\"http:\/\/tennisclub-dietingen.de\/wp-content\/uploads\/2014\/11\/20141116_TCD-Tennisheim_001_small.jpg\" alt=\"20141116_TCD Tennisheim_001_small\" width=\"700\" height=\"450\" srcset=\"https:\/\/tennisclub-dietingen.de\/wp-content\/uploads\/2014\/11\/20141116_TCD-Tennisheim_001_small.jpg 700w, https:\/\/tennisclub-dietingen.de\/wp-content\/uploads\/2014\/11\/20141116_TCD-Tennisheim_001_small-300x192.jpg 300w, https:\/\/tennisclub-dietingen.de\/wp-content\/uploads\/2014\/11\/20141116_TCD-Tennisheim_001_small-381x245.jpg 381w\" sizes=\"auto, (max-width: 700px) 100vw, 700px\" \/><\/a>Unser neues Tennisheim.<\/p>\n<p>&nbsp;<\/p>\n","protected":false},"excerpt":{"rendered":"<p>Wie es zu der Gr\u00fcndung kam Der Ansto\u00df zur Gr\u00fcndung eines Tennis-Clubs in Dietingen geht auf ein Jahrgangstreffen des Jahrgangs 1946 zur\u00fcck. Die Gespr\u00e4che in kleiner Runde fanden ihre Fortsetzung in einem Interessenskreis zur Gr\u00fcndung eines Tennis-Clubs. Neben den formellen Dingen wie Ausarbeitung einer Satzung und Beitrags-ordnung, war das Hauptanliegen, ein geeignetes Gel\u00e4nde f\u00fcr die [&hellip;]<\/p>\n","protected":false},"author":1,"featured_media":0,"parent":0,"menu_order":0,"comment_status":"closed","ping_status":"closed","template":"","meta":{"footnotes":""},"class_list":["post-13","page","type-page","status-publish","hentry"],"_links":{"self":[{"href":"https:\/\/tennisclub-dietingen.de\/index.php?rest_route=\/wp\/v2\/pages\/13","targetHints":{"allow":["GET"]}}],"collection":[{"href":"https:\/\/tennisclub-dietingen.de\/index.php?rest_route=\/wp\/v2\/pages"}],"about":[{"href":"https:\/\/tennisclub-dietingen.de\/index.php?rest_route=\/wp\/v2\/types\/page"}],"author":[{"embeddable":true,"href":"https:\/\/tennisclub-dietingen.de\/index.php?rest_route=\/wp\/v2\/users\/1"}],"replies":[{"embeddable":true,"href":"https:\/\/tennisclub-dietingen.de\/index.php?rest_route=%2Fwp%2Fv2%2Fcomments&post=13"}],"version-history":[{"count":30,"href":"https:\/\/tennisclub-dietingen.de\/index.php?rest_route=\/wp\/v2\/pages\/13\/revisions"}],"predecessor-version":[{"id":334,"href":"https:\/\/tennisclub-dietingen.de\/index.php?rest_route=\/wp\/v2\/pages\/13\/revisions\/334"}],"wp:attachment":[{"href":"https:\/\/tennisclub-dietingen.de\/index.php?rest_route=%2Fwp%2Fv2%2Fmedia&parent=13"}],"curies":[{"name":"wp","href":"https:\/\/api.w.org\/{rel}","templated":true}]}}